{"id":1059,"date":"2014-11-26T15:14:47","date_gmt":"2014-11-26T14:14:47","guid":{"rendered":"http:\/\/localhost\/?page_id=8"},"modified":"2020-02-26T11:47:38","modified_gmt":"2020-02-26T10:47:38","slug":"doc-2","status":"publish","type":"page","link":"https:\/\/www.edinos.org\/?page_id=1059","title":{"rendered":"Documentation EdiNoS"},"content":{"rendered":"<p><a href=\"http:\/\/www.edinos.org\/wp-content\/uploads\/2020\/02\/Manuel-utilisateur-EdiNoS-342.pdf\">Manuel utilisateur EdiNoS<\/a><\/p>\n<p><a title=\"Tutoriels\" href=\"http:\/\/www.edinos.org\/?cat=26\">Tutoriels<\/a><\/p>\n<p><img decoding=\"async\" loading=\"lazy\" class=\"aligncenter\" src=\"http:\/\/edinos.free.fr\/edinos\/Media\/Clever%20le%20peintre.gif\" alt=\"\" width=\"322\" height=\"201\" \/><\/p>\n<div id=\"id6\" class=\"style_SkipStroke_4 shape-with-text\">\n<div class=\"text-content style_External_600_127\">\n<div class=\"style\">\n<p class=\"paragraph_style_2\">Pour aller plus loin :<\/p>\n<ul>\n<li class=\"paragraph_style_3\"><a class=\"class3\" title=\"http:\/\/edinos.free.fr\/edinos\/kaw\" href=\"http:\/\/ksi.cpsc.ucalgary.ca\/KAW\/KAW98\/poittevin\">\u00ab Building Knowledge Bases with Situations to Help the Cooperative Revision \u00bb<\/a>,\u00a0article pr\u00e9sent\u00e9 au<span class=\"style_1\">\u00a011th Banff Knowledge Acquisition For Knowledge-Based Systems Workshop (KAW&rsquo;98)<\/span><\/li>\n<li class=\"paragraph_style_3\">Th\u00e8se (264 pages) :\u00a0<a class=\"class4\" title=\"http:\/\/tel.archives-ouvertes.fr\/tel-00941692\" href=\"http:\/\/tel.archives-ouvertes.fr\/tel-00941692\">\u00ab Un outil g\u00e9n\u00e9rique de conception et de r\u00e9vision coop\u00e9rative de Bases de Connaissances s\u2019appuyant sur la notion de situation \u00bb<\/a><\/li>\n<\/ul>\n<\/div>\n<\/div>\n<\/div>\n\n\n<p><\/p>\n","protected":false},"excerpt":{"rendered":"<p>Manuel utilisateur EdiNoS Tutoriels Pour aller plus loin : \u00ab Building Knowledge Bases with Situations to Help the Cooperative Revision \u00bb,\u00a0article pr\u00e9sent\u00e9 au\u00a011th Banff Knowledge Acquisition For Knowledge-Based Systems Workshop (KAW&rsquo;98) Th\u00e8se (264 pages) :\u00a0\u00ab Un outil g\u00e9n\u00e9rique de conception et de r\u00e9vision coop\u00e9rative de Bases de Connaissances s\u2019appuyant sur la notion de situation \u00bb<\/p>\n","protected":false},"author":1,"featured_media":0,"parent":0,"menu_order":0,"comment_status":"open","ping_status":"open","template":"","meta":{"footnotes":""},"_links":{"self":[{"href":"https:\/\/www.edinos.org\/index.php?rest_route=\/wp\/v2\/pages\/1059"}],"collection":[{"href":"https:\/\/www.edinos.org\/index.php?rest_route=\/wp\/v2\/pages"}],"about":[{"href":"https:\/\/www.edinos.org\/index.php?rest_route=\/wp\/v2\/types\/page"}],"author":[{"embeddable":true,"href":"https:\/\/www.edinos.org\/index.php?rest_route=\/wp\/v2\/users\/1"}],"replies":[{"embeddable":true,"href":"https:\/\/www.edinos.org\/index.php?rest_route=%2Fwp%2Fv2%2Fcomments&post=1059"}],"version-history":[{"count":2,"href":"https:\/\/www.edinos.org\/index.php?rest_route=\/wp\/v2\/pages\/1059\/revisions"}],"predecessor-version":[{"id":1129,"href":"https:\/\/www.edinos.org\/index.php?rest_route=\/wp\/v2\/pages\/1059\/revisions\/1129"}],"wp:attachment":[{"href":"https:\/\/www.edinos.org\/index.php?rest_route=%2Fwp%2Fv2%2Fmedia&parent=1059"}],"curies":[{"name":"wp","href":"https:\/\/api.w.org\/{rel}","templated":true}]}}