{"id":24,"date":"2014-11-26T15:14:30","date_gmt":"2014-11-26T14:14:30","guid":{"rendered":"http:\/\/localhost\/?page_id=6"},"modified":"2020-04-01T19:25:54","modified_gmt":"2020-04-01T18:25:54","slug":"faq-2","status":"publish","type":"page","link":"https:\/\/www.edinos.org\/?page_id=24","title":{"rendered":"Foire Aux Questions EdiNoS"},"content":{"rendered":"\n<div class=\"wp-block-group\"><div class=\"wp-block-group__inner-container is-layout-flow wp-block-group-is-layout-flow\">\n<div id=\"id2\" class=\"style_SkipStroke_2 shape-with-text\">\n<div class=\"text-content Normal_External_640_32\">\n<div class=\"Normal\">\n<h3 class=\"paragraph_style_1\"><span class=\"style\">Sous quelle licence est distribu\u00e9 EdiNoS&nbsp;?<\/span><\/h3>\n<\/div>\n<\/div>\n<\/div>\n\n\n\n<div id=\"id3\" class=\"style_SkipStroke_3 shape-with-text\">\n<div class=\"text-content style_External_609_76\">\n<div class=\"style_1\">\n<p class=\"paragraph_style_2\">EdiNoS est un logiciel libre d\u00e9velopp\u00e9 en Java, publi\u00e9 sous la licence publique g\u00e9n\u00e9rale GNU (<a title=\"http:\/\/www.gnu.org\/licenses\/gpl.html\" href=\"http:\/\/www.gnu.org\/licenses\/gpl.html\">GNU General Public Licence<\/a>&nbsp;ou GPL).<\/p>\n<p class=\"paragraph_style_2\">Cette licence vous garantit le droit d\u2019ex\u00e9cuter EdiNoS, d\u2019en \u00e9tudier le code source, d\u2019en distribuer des copies et d\u2019en modifier le code source pour en faire b\u00e9n\u00e9ficier la communaut\u00e9.<\/p>\n<div id=\"id8\" class=\"style_SkipStroke_2 shape-with-text\">\n<div class=\"text-content Normal_External_640_44\">\n<div class=\"Normal\">\n<h3 class=\"paragraph_style_3\">Qu&rsquo;est-ce que ReviNoS ?<span class=\"style_2\"><br><\/span><\/h3>\n<\/div>\n<\/div>\n<\/div>\n<div id=\"id9\" class=\"style_SkipStroke_3 shape-with-text\">\n<div class=\"text-content style_External_613_93\">\n<div class=\"style_1\">\n<p class=\"paragraph_style_2\">ReviNoS (outil de R\u00e9vision des NoS) est un module int\u00e9gr\u00e9 \u00e0 EdiNoS qui permet d&rsquo;aider le concepteur \u00e0 mettre au point ses graphes. En partant d&rsquo;un cas non couvert par le graphe, ReviNoS cherche \u00e0 corriger automatiquement le graphe pour couvrir le nouveau cas. Pour cela, l&rsquo;outil dialogue avec le concepteur notamment en lui soumettant des cas similaires (apprentissage coop\u00e9ratif).<\/p>\n<\/div>\n<\/div>\n<\/div>\n<\/div>\n<\/div>\n<\/div>\n\n\n\n<div id=\"id4\" class=\"style_SkipStroke_2 shape-with-text\">\n<div class=\"text-content Normal_External_640_88\">\n<div class=\"Normal\">\n<h3 class=\"paragraph_style_3\">Sous Mac OS X, j\u2019ai le message suivant au lancement d\u2019EdiNoS : \u00abEdiNoS est endommag\u00e9 et ne peut pas \u00eatre ouvert. Vous devriez placer cet \u00e9l\u00e9ment dans la corbeille.\u00bb ?<span class=\"style_2\"><br><\/span><\/h3>\n<\/div>\n<\/div>\n<\/div>\n\n\n\n<div id=\"id5\" class=\"style_SkipStroke_3 shape-with-text\">\n<div class=\"text-content style_External_613_160\">\n<div class=\"style_1\" style=\"text-align: left;\">\n<p class=\"paragraph_style_2\">Les derni\u00e8res versions de Mac OS X sont s\u00e9curis\u00e9es par&nbsp;<a title=\"http:\/\/support.apple.com\/kb\/HT5290?viewlocale=fr_FR&amp;locale=fr_FR\" href=\"http:\/\/support.apple.com\/kb\/HT5290?viewlocale=fr_FR&amp;locale=fr_FR\">Gatekeeper<\/a>. Or EdiNoS n&rsquo;est pas sign\u00e9 et n&rsquo;a pas \u00e9t\u00e9 certifi\u00e9 par Apple.<\/p>\n<p class=\"paragraph_style_2\">Pour pouvoir utiliser EdiNoS et le sortir de la quarantaine dans lequel il est plac\u00e9 par Apple apr\u00e8s installation, il vous faut ex\u00e9cuter la commande suivante depuis le Terminal :<\/p>\n<pre>sudo xattr -rc \/Applications\/EdiNoS.app<\/pre>\n<\/div>\n<\/div>\n<\/div>\n\n\n\n<div id=\"id6\" class=\"style_SkipStroke_2 shape-with-text\">\n<div class=\"text-content Normal_External_640_48\">\n<div class=\"Normal\">\n<h3 class=\"paragraph_style_3\">BPM et NoS ?<span class=\"style_2\"><br><\/span><\/h3>\n<\/div>\n<\/div>\n<\/div>\n\n\n\n<div id=\"id7\" class=\"style_SkipStroke_3 shape-with-text\">\n<div class=\"text-content style_External_613_250\">\n<div class=\"style_1\">\n<p class=\"paragraph_style_2\">La mod\u00e9lisation des processus m\u00e9tier (Business Process Modeling) dans un formalisme comme le BPMN (<a title=\"http:\/\/fr.wikipedia.org\/wiki\/BPMN\" href=\"http:\/\/fr.wikipedia.org\/wiki\/BPMN\">Business Process Model and Notation<\/a>) permet de d\u00e9crire les processus m\u00e9tier tels qu&rsquo;ils sont en place au sein d&rsquo;une entreprise, par exemple. L&rsquo;enchainement des t\u00e2ches y est d\u00e9taill\u00e9e au sein de processus qui peuvent \u00eatre multi acteurs et qui sont souvent synchronis\u00e9s.<\/p>\n<p class=\"paragraph_style_2\">La mod\u00e9lisation des connaissances op\u00e9rationnelles qu&rsquo;on cherche \u00e0 formaliser dans des NoS est compl\u00e9mentaire dans le sens o\u00f9 elle s&rsquo;int\u00e9resse aux connaissances ou expertises mises en jeu par&nbsp;<span class=\"style_4\">un acteur<\/span>&nbsp;dans&nbsp;<span class=\"style_4\">une t\u00e2che<\/span>&nbsp;donn\u00e9e, ou m\u00eame plus g\u00e9n\u00e9ralement, \u00ab en situation \u00bb face \u00e0 son environnement.<\/p>\n<\/div>\n<\/div>\n<\/div>\n<\/div><\/div>\n","protected":false},"excerpt":{"rendered":"<p>Sous quelle licence est distribu\u00e9 EdiNoS&nbsp;? EdiNoS est un logiciel libre d\u00e9velopp\u00e9 en Java, publi\u00e9 sous la licence publique g\u00e9n\u00e9rale GNU (GNU General Public Licence&nbsp;ou GPL). Cette licence vous garantit le droit d\u2019ex\u00e9cuter EdiNoS, d\u2019en \u00e9tudier le code source, d\u2019en distribuer des copies et d\u2019en modifier le code source pour en faire b\u00e9n\u00e9ficier la communaut\u00e9. [&hellip;]<\/p>\n","protected":false},"author":1,"featured_media":0,"parent":0,"menu_order":0,"comment_status":"open","ping_status":"open","template":"","meta":{"footnotes":""},"_links":{"self":[{"href":"https:\/\/www.edinos.org\/index.php?rest_route=\/wp\/v2\/pages\/24"}],"collection":[{"href":"https:\/\/www.edinos.org\/index.php?rest_route=\/wp\/v2\/pages"}],"about":[{"href":"https:\/\/www.edinos.org\/index.php?rest_route=\/wp\/v2\/types\/page"}],"author":[{"embeddable":true,"href":"https:\/\/www.edinos.org\/index.php?rest_route=\/wp\/v2\/users\/1"}],"replies":[{"embeddable":true,"href":"https:\/\/www.edinos.org\/index.php?rest_route=%2Fwp%2Fv2%2Fcomments&post=24"}],"version-history":[{"count":2,"href":"https:\/\/www.edinos.org\/index.php?rest_route=\/wp\/v2\/pages\/24\/revisions"}],"predecessor-version":[{"id":1152,"href":"https:\/\/www.edinos.org\/index.php?rest_route=\/wp\/v2\/pages\/24\/revisions\/1152"}],"wp:attachment":[{"href":"https:\/\/www.edinos.org\/index.php?rest_route=%2Fwp%2Fv2%2Fmedia&parent=24"}],"curies":[{"name":"wp","href":"https:\/\/api.w.org\/{rel}","templated":true}]}}