{"id":53,"date":"2014-12-03T18:40:06","date_gmt":"2014-12-03T17:40:06","guid":{"rendered":"http:\/\/localhost\/?page_id=53"},"modified":"2020-02-26T10:26:21","modified_gmt":"2020-02-26T09:26:21","slug":"presentation-de-loutil-edinos-editeur-de-nos","status":"publish","type":"page","link":"https:\/\/www.edinos.org\/?page_id=53","title":{"rendered":"Pr\u00e9sentation de l\u2019outil EdiNoS (Editeur de NoS)"},"content":{"rendered":"<div id=\"id2\" class=\"style_SkipStroke_2 shape-with-text\">\n<div class=\"text-content Normal_External_640_1389\">\n<div class=\"Normal\">\n<h3 class=\"paragraph_style_1\" style=\"text-align: justify;\">\u00ab\u00a0Tout est situation\u00a0\u00bb<\/h3>\n<p class=\"paragraph_style_2\" style=\"text-align: justify;\">EdiNoS s&rsquo;appuie sur la notion de situation pour repr\u00e9senter explicitement tout type de savoir-faire.<\/p>\n<p class=\"paragraph_style_2\" style=\"text-align: justify;\">Le point de d\u00e9part de notre approche est de consid\u00e9rer que les\u00a0connaissances op\u00e9rationnelles que l&rsquo;on va chercher \u00e0 formaliser dans notre syst\u00e8me sont des <span style=\"text-decoration: underline;\">repr\u00e9sentations de situations<\/span>.<\/p>\n<p class=\"paragraph_style_2\" style=\"text-align: justify;\">On entend ici par connaissances op\u00e9rationnelles, les connaissances qui sont utilis\u00e9es pour &laquo;&nbsp;\u00e9tablir\u00a0ce qu&rsquo;il convient de faire&nbsp;&raquo;. Les connaissances op\u00e9rationnelles sont donc orient\u00e9es &laquo;&nbsp;action&nbsp;&raquo;.\u00a0Les connaissances proc\u00e9durales sont des connaissances op\u00e9rationnelles.<\/p>\n<h3 class=\"paragraph_style_3\" style=\"text-align: justify;\">Postulats pour une mod\u00e9lisation des connaissances op\u00e9rationnelles bas\u00e9e sur la notion de situation<\/h3>\n<p class=\"paragraph_style_4\" style=\"text-align: justify;\">\u00a0 \u00a0 \u00a0 \u00a0\u00a0<span class=\"style_1\">Postulat 1 :<\/span>\u00a0\u00a0\u00a0\u00a0\u00a0<strong><span class=\"style_2\" style=\"color: #008000;\">Si la situation est (re)connue, alors l\u2019action (ad\u00e9quate) est connue.<\/span><\/strong><\/p>\n<p class=\"paragraph_style_4\" style=\"text-align: justify;\">On s&rsquo;int\u00e9resse ici \u00e0 la formalisation de connaissances (savoir-faire) d\u00e9tenues par un expert (celui qui sait). Nous partons donc de l&rsquo;hypoth\u00e8se que l&rsquo;expert connait l&rsquo;action ad\u00e9quate pour la situation mod\u00e9lis\u00e9e.<\/p>\n<p class=\"paragraph_style_4\" style=\"text-align: justify;\">\u00a0\u00a0\u00a0\u00a0\u00a0\u00a0\u00a0\u00a0<span class=\"style_1\">Postulat 2 :\u00a0\u00a0\u00a0<strong><span style=\"color: #008000;\">\u00a0<\/span><\/strong><\/span><strong><span class=\"style_2\" style=\"color: #008000;\">Le savoir-faire est aussi dans l\u2019identification de la situation.<\/span><\/strong><\/p>\n<p class=\"paragraph_style_4\" style=\"text-align: justify;\">Cette identification (reconnaissance) de la situation n\u00e9cessite l&rsquo;ex\u00e9cution d&rsquo;actions qui vont permettre d&rsquo;acqu\u00e9rir de nouvelles informations. Savoir quelles informations il est important d&rsquo;aller chercher, et dans quel ordre, fait partie de l&rsquo;expertise.<\/p>\n<h3 class=\"paragraph_style_1\" style=\"text-align: justify;\">Mais qu&rsquo;est-ce qu&rsquo;une situation \u00e0 vrai dire ?<\/h3>\n<p class=\"paragraph_style_2\" style=\"text-align: justify;\">Nous proposons la d\u00e9finition suivante : une situation est \u00ab\u00a0<span class=\"style\">une interpr\u00e9tation de l&rsquo;environnement dans le cadre de l&rsquo;accomplissement d&rsquo;une t\u00e2che.\u00a0<\/span>\u00bb.<\/p>\n<p class=\"paragraph_style_2\" style=\"text-align: justify;\">Dans cette vision, une situation int\u00e8gre deux dimensions : un <span style=\"text-decoration: underline;\">\u00e9tat du monde<\/span> et une <span style=\"text-decoration: underline;\">\u00e9tape<\/span> dans la r\u00e9alisation d&rsquo;un objectif.<\/p>\n<p class=\"paragraph_style_2\" style=\"text-align: justify;\">Pour poursuivre\u00a0la r\u00e9flexion sur cette\u00a0notion de situation, voir la rubrique <a title=\"Cituations\" href=\"http:\/\/www.edinos.org\/?cat=9\">Cituations<\/a>&#8230;<\/p>\n<h3 class=\"paragraph_style_3\" style=\"text-align: justify;\">Le mod\u00e8le Situation-Action-Transition<span class=\"style_3\"><br \/>\n<\/span><\/h3>\n<p style=\"text-align: justify;\">Le fait d&rsquo;\u00eatre dans une situation 1 requiert d&rsquo;ex\u00e9cuter une ou plusieurs actions sur l&rsquo;environnement. Ces actions vont retourner des informations nouvelles sur l&rsquo;environnement qui vont permettre de repr\u00e9ciser la situation. On transite alors vers une situation 2, qui requiert l&rsquo;ex\u00e9cution d&rsquo;autres actions&#8230; Et ainsi de suite jusqu&rsquo;\u00e0 ce que la situation soit compl\u00e8tement explicit\u00e9e\u00a0: la situation finale contient l&rsquo;action finale \u00e0 ex\u00e9cuter (la r\u00e9ponse du syst\u00e8me).<\/p>\n<h3 class=\"paragraph_style_1\" style=\"text-align: justify;\"><a href=\"http:\/\/www.edinos.org\/wp-content\/uploads\/2014\/12\/EdiNoSshortKey.004.jpg\"><img decoding=\"async\" loading=\"lazy\" class=\"size-medium wp-image-365 aligncenter\" src=\"http:\/\/edinos.free.fr\/wordpress\/wp-content\/uploads\/2019\/05\/EdiNoSshortKey.004-300x225.jpg\" alt=\"EdiNoSshortKey.004\" width=\"300\" height=\"225\" \/><\/a><\/h3>\n<h3 class=\"paragraph_style_1\" style=\"text-align: justify;\">Le \u00abNoS\u00bb<span class=\"style_3\"><br \/>\n<\/span><\/h3>\n<p class=\"paragraph_style_7\" style=\"text-align: justify;\"><span class=\"style_5\">Le\u00a0<\/span><strong><span class=\"style_6\">NoS<\/span><\/strong><span class=\"style_5\">\u00a0(pour\u00a0<\/span><strong><span class=\"style_7\">No<\/span><\/strong><span class=\"style_5\">eud de\u00a0<\/span><strong><span class=\"style_8\">S<\/span><\/strong><span class=\"style_5\">ituation) est l&rsquo;objet qui repr\u00e9sente une situation dans notre\u00a0syst\u00e8me. C&rsquo;est l&rsquo;agr\u00e9gation de deux entit\u00e9s\u00a0:<br \/>\n<\/span><\/p>\n<ul style=\"text-align: justify;\">\n<li class=\"paragraph_style_8\"><span class=\"style_5\">un appel \u00e0 une(des) <strong>action<\/strong>(s), dont l&rsquo;ex\u00e9cution va remplir la m\u00e9moire de travail.<\/span><\/li>\n<li class=\"paragraph_style_8\">des <strong>r\u00e8gles<\/strong> de transition permettant d&rsquo;activer la nouvelle situation selon le contenu de la m\u00e9moire de travail (appel\u00e9e aussi base de faits).<\/li>\n<\/ul>\n<p class=\"paragraph_style_7\" style=\"text-align: justify;\"><span class=\"style_5\">L&rsquo;ensemble des NoS, regroup\u00e9s en graphes, constitue une base de connaissances. EdiNoS\u00a0permet de construire ces bases de connaissances et de les ex\u00e9cuter. EdiNoS\u00a0int\u00e8gre un module, appel\u00e9 ReviNoS, qui aide l&rsquo;utilisateur \u00e0 corriger ces graphes, car\u00a0l&rsquo;outil s&rsquo;inscrit dans une d\u00e9marche de construction incr\u00e9mentale des bases de connaissances. En cela il diff\u00e8re des moteurs \u00e0 base de r\u00e8gles.<br \/>\n<\/span><\/p>\n<h3 class=\"paragraph_style_1\" style=\"text-align: justify;\"><span class=\"style_3\">\u00a0Moteur \u00e0 base de r\u00e8gles versus NoS\u00a0?<\/span><\/h3>\n<p class=\"paragraph_style_9\" style=\"text-align: justify;\"><span class=\"style_5\">Les moteurs \u00e0 base de r\u00e8gles sont construits dans l&rsquo;hypoth\u00e8se que la connaissance peut \/ est compl\u00e8tement circonscrites dans un jeu de r\u00e8gles de taille variable. Si cela peut \u00eatre\u00a0vrai dans\u00a0certains domaines, force est de constater que\u00a0les connaissances \u00abm\u00e9tier\u00bb doivent souvent \u00eatre extraites\u00a0progressivement et peuvent varier avec le temps.\u00a0<\/span>C&rsquo;est dans ce contexte que l&rsquo;outil EdiNoS\u00a0est utile : pour aider \u00e0 expliciter les savoir-faire.<\/p>\n<\/div>\n<\/div>\n<\/div>\n<div class=\"tinyText style_SkipStroke_3\" style=\"text-align: justify;\"><\/div>\n<div class=\"spacer\" style=\"text-align: justify;\"><\/div>\n","protected":false},"excerpt":{"rendered":"<p>\u00ab\u00a0Tout est situation\u00a0\u00bb EdiNoS s&rsquo;appuie sur la notion de situation pour repr\u00e9senter explicitement tout type de savoir-faire. Le point de d\u00e9part de notre approche est de consid\u00e9rer que les\u00a0connaissances op\u00e9rationnelles que l&rsquo;on va chercher \u00e0 formaliser dans notre syst\u00e8me sont des repr\u00e9sentations de situations. On entend ici par connaissances op\u00e9rationnelles, les connaissances qui sont utilis\u00e9es [&hellip;]<\/p>\n","protected":false},"author":1,"featured_media":0,"parent":0,"menu_order":0,"comment_status":"open","ping_status":"open","template":"","meta":{"footnotes":""},"_links":{"self":[{"href":"https:\/\/www.edinos.org\/index.php?rest_route=\/wp\/v2\/pages\/53"}],"collection":[{"href":"https:\/\/www.edinos.org\/index.php?rest_route=\/wp\/v2\/pages"}],"about":[{"href":"https:\/\/www.edinos.org\/index.php?rest_route=\/wp\/v2\/types\/page"}],"author":[{"embeddable":true,"href":"https:\/\/www.edinos.org\/index.php?rest_route=\/wp\/v2\/users\/1"}],"replies":[{"embeddable":true,"href":"https:\/\/www.edinos.org\/index.php?rest_route=%2Fwp%2Fv2%2Fcomments&post=53"}],"version-history":[{"count":3,"href":"https:\/\/www.edinos.org\/index.php?rest_route=\/wp\/v2\/pages\/53\/revisions"}],"predecessor-version":[{"id":1120,"href":"https:\/\/www.edinos.org\/index.php?rest_route=\/wp\/v2\/pages\/53\/revisions\/1120"}],"wp:attachment":[{"href":"https:\/\/www.edinos.org\/index.php?rest_route=%2Fwp%2Fv2%2Fmedia&parent=53"}],"curies":[{"name":"wp","href":"https:\/\/api.w.org\/{rel}","templated":true}]}}